{"id":369,"date":"2026-02-09T09:37:46","date_gmt":"2026-02-09T09:37:46","guid":{"rendered":"https:\/\/senseableculture.eu\/objectives\/"},"modified":"2026-03-13T09:38:50","modified_gmt":"2026-03-13T09:38:50","slug":"objetivos","status":"publish","type":"page","link":"https:\/\/senseableculture.eu\/es\/objetivos\/","title":{"rendered":"Objetivos"},"content":{"rendered":"\t\t<div data-elementor-type=\"wp-page\" data-elementor-id=\"369\" class=\"elementor elementor-369 elementor-29\" data-elementor-post-type=\"page\">\n\t\t\t\t<div class=\"elementor-element elementor-element-7fb277b e-flex e-con-boxed e-con e-parent\" data-id=\"7fb277b\" data-element_type=\"container\" data-e-type=\"container\" data-settings=\"{&quot;background_background&quot;:&quot;classic&quot;,&quot;jet_parallax_layout_list&quot;:[]}\">\n\t\t\t\t\t<div class=\"e-con-inner\">\n\t\t\t\t<div class=\"elementor-element elementor-element-8671bd7 elementor-widget elementor-widget-heading\" data-id=\"8671bd7\" data-element_type=\"widget\" data-e-type=\"widget\" data-widget_type=\"heading.default\">\n\t\t\t\t\t<h2 class=\"elementor-heading-title elementor-size-default\">Objetivos<\/h2>\t\t\t\t<\/div>\n\t\t\t\t\t<\/div>\n\t\t\t\t<\/div>\n\t\t<div class=\"elementor-element elementor-element-aabe194 e-flex e-con-boxed e-con e-parent\" data-id=\"aabe194\" data-element_type=\"container\" data-e-type=\"container\" data-settings=\"{&quot;jet_parallax_layout_list&quot;:[]}\">\n\t\t\t\t\t<div class=\"e-con-inner\">\n\t\t\t\t<div class=\"elementor-element elementor-element-e97f02a elementor-widget elementor-widget-heading\" data-id=\"e97f02a\" data-element_type=\"widget\" data-e-type=\"widget\" data-widget_type=\"heading.default\">\n\t\t\t\t\t<h2 class=\"elementor-heading-title elementor-size-default\">Nuestros principales objetivos son    <\/h2>\t\t\t\t<\/div>\n\t\t<div class=\"elementor-element elementor-element-a718f16 e-con-full e-flex e-con e-child\" data-id=\"a718f16\" data-element_type=\"container\" data-e-type=\"container\" data-settings=\"{&quot;jet_parallax_layout_list&quot;:[]}\">\n\t\t\t\t<div class=\"elementor-element elementor-element-f142905 elementor-widget__width-initial ekit-equal-height-disable elementor-widget elementor-widget-elementskit-image-box\" data-id=\"f142905\" data-element_type=\"widget\" data-e-type=\"widget\" data-widget_type=\"elementskit-image-box.default\">\n\t\t\t\t\t<div class=\"ekit-wid-con\" >\n            <div class=\"elementskit-info-image-box ekit-image-box text-center style-modern\" >\n\n                \n                <div class=\"elementskit-box-header image-box-img-center\">\n\n                    <img decoding=\"async\" src=\"https:\/\/senseableculture.eu\/wp-content\/uploads\/2026\/03\/Image_Objectives_Enhance-Institutional-Accessibility-1.webp\" title=\"\" alt=\"Four people at a roundtable: a bearded man, two blind individuals (one with glasses, one with a guide dog), and a young blonde woman.\" loading=\"lazy\" \/>\n                <\/div>\n                \n                <div class=\"elementskit-box-body ekit-image-box-body\">\n                    <div class=\"elementskit-box-content ekit-image-box-body-inner\">\n                                                <h3 class=\"elementskit-info-box-title\">\n\n                        Mejorar la accesibilidad institucional\n                        \n                    <\/h3>\n                                                            <div class=\"elementskit-box-style-content\">\n                        Dotar al personal de las instituciones culturales de las habilidades necesarias para aplicar los principios del dise\u00f1o universal en sus pr\u00e1cticas diarias.                    <\/div>\n                                    <\/div>\n\n                            <\/div>\n            <\/div>\n    <\/div>\t\t\t\t<\/div>\n\t\t\t\t<div class=\"elementor-element elementor-element-edbf833 ekit-equal-height-enable elementor-widget__width-initial elementor-widget elementor-widget-elementskit-image-box\" data-id=\"edbf833\" data-element_type=\"widget\" data-e-type=\"widget\" data-widget_type=\"elementskit-image-box.default\">\n\t\t\t\t\t<div class=\"ekit-wid-con\" >\n            <div class=\"elementskit-info-image-box ekit-image-box text-center style-modern\" >\n\n                \n                <div class=\"elementskit-box-header image-box-img-center\">\n\n                    <img decoding=\"async\" src=\"https:\/\/senseableculture.eu\/wp-content\/uploads\/2026\/03\/Image_Objectives_Autonomous-Participation.webp\" title=\"\" alt=\"A picture of a middle-aged, short brunette woman. She is about to enter the door of an art gallery, walking beside her service dog.\" loading=\"lazy\" \/>\n                <\/div>\n                \n                <div class=\"elementskit-box-body ekit-image-box-body\">\n                    <div class=\"elementskit-box-content ekit-image-box-body-inner\">\n                                                <h3 class=\"elementskit-info-box-title\">\n\n                        Potenciar la participaci\u00f3n aut\u00f3noma\n                        \n                    <\/h3>\n                                                            <div class=\"elementskit-box-style-content\">\n                        Crear entornos en los que las personas con discapacidad sensorial puedan contribuir directamente a la toma de decisiones y disfrutar de la vida cultural de forma independiente.                    <\/div>\n                                    <\/div>\n\n                            <\/div>\n            <\/div>\n    <\/div>\t\t\t\t<\/div>\n\t\t\t\t<div class=\"elementor-element elementor-element-5d51b79 elementor-widget__width-initial ekit-equal-height-disable elementor-widget elementor-widget-elementskit-image-box\" data-id=\"5d51b79\" data-element_type=\"widget\" data-e-type=\"widget\" data-widget_type=\"elementskit-image-box.default\">\n\t\t\t\t\t<div class=\"ekit-wid-con\" >\n            <div class=\"elementskit-info-image-box ekit-image-box text-center style-modern\" >\n\n                \n                <div class=\"elementskit-box-header image-box-img-center\">\n\n                    <img decoding=\"async\" src=\"https:\/\/senseableculture.eu\/wp-content\/uploads\/2026\/03\/Image_Objectives_Policy-Advocacy.webp\" title=\"\" alt=\"A picture of a group of people (a short bald man, a tall redhead, and a young brunette woman) holding papers and speaking to local representatives at the local House of Representatives.\" loading=\"lazy\" \/>\n                <\/div>\n                \n                <div class=\"elementskit-box-body ekit-image-box-body\">\n                    <div class=\"elementskit-box-content ekit-image-box-body-inner\">\n                                                <h3 class=\"elementskit-info-box-title\">\n\n                        Promoci\u00f3n de pol\u00edticas\n                        \n                    <\/h3>\n                                                            <div class=\"elementskit-box-style-content\">\n                        Abogar por la integraci\u00f3n de la accesibilidad en la planificaci\u00f3n tur\u00edstica y cultural europea a largo plazo.                    <\/div>\n                                    <\/div>\n\n                            <\/div>\n            <\/div>\n    <\/div>\t\t\t\t<\/div>\n\t\t\t\t<\/div>\n\t\t\t\t\t<\/div>\n\t\t\t\t<\/div>\n\t\t\t\t<\/div>\n\t\t","protected":false},"excerpt":{"rendered":"<p>Nuestros principales objetivos son Mejorar la accesibilidad institucional Dotar al personal de las instituciones culturales de las habilidades necesarias para aplicar los principios del dise\u00f1o universal en sus pr\u00e1cticas diarias. Potenciar la participaci\u00f3n aut\u00f3noma Crear entornos en los que las personas con discapacidad sensorial puedan contribuir directamente a la toma de decisiones y disfrutar de [&hellip;]<\/p>\n","protected":false},"author":1,"featured_media":0,"parent":0,"menu_order":0,"comment_status":"closed","ping_status":"closed","template":"","meta":{"footnotes":""},"class_list":["post-369","page","type-page","status-publish","hentry"],"_links":{"self":[{"href":"https:\/\/senseableculture.eu\/es\/wp-json\/wp\/v2\/pages\/369","targetHints":{"allow":["GET"]}}],"collection":[{"href":"https:\/\/senseableculture.eu\/es\/wp-json\/wp\/v2\/pages"}],"about":[{"href":"https:\/\/senseableculture.eu\/es\/wp-json\/wp\/v2\/types\/page"}],"author":[{"embeddable":true,"href":"https:\/\/senseableculture.eu\/es\/wp-json\/wp\/v2\/users\/1"}],"replies":[{"embeddable":true,"href":"https:\/\/senseableculture.eu\/es\/wp-json\/wp\/v2\/comments?post=369"}],"version-history":[{"count":13,"href":"https:\/\/senseableculture.eu\/es\/wp-json\/wp\/v2\/pages\/369\/revisions"}],"predecessor-version":[{"id":986,"href":"https:\/\/senseableculture.eu\/es\/wp-json\/wp\/v2\/pages\/369\/revisions\/986"}],"wp:attachment":[{"href":"https:\/\/senseableculture.eu\/es\/wp-json\/wp\/v2\/media?parent=369"}],"curies":[{"name":"wp","href":"https:\/\/api.w.org\/{rel}","templated":true}]}}