{"id":471,"date":"2026-02-09T09:39:16","date_gmt":"2026-02-09T09:39:16","guid":{"rendered":"https:\/\/senseableculture.eu\/news\/"},"modified":"2026-03-13T10:46:24","modified_gmt":"2026-03-13T10:46:24","slug":"noticias-y-proximos-eventos","status":"publish","type":"page","link":"https:\/\/senseableculture.eu\/es\/noticias-y-proximos-eventos\/","title":{"rendered":"Noticias y pr\u00f3ximos eventos"},"content":{"rendered":"\t\t<div data-elementor-type=\"wp-page\" data-elementor-id=\"471\" class=\"elementor elementor-471 elementor-36\" data-elementor-post-type=\"page\">\n\t\t\t\t<div class=\"elementor-element elementor-element-23c3857 e-flex e-con-boxed e-con e-parent\" data-id=\"23c3857\" data-element_type=\"container\" data-e-type=\"container\" data-settings=\"{&quot;background_background&quot;:&quot;classic&quot;,&quot;jet_parallax_layout_list&quot;:[]}\">\n\t\t\t\t\t<div class=\"e-con-inner\">\n\t\t\t\t<div class=\"elementor-element elementor-element-72a54c1 elementor-widget elementor-widget-heading\" data-id=\"72a54c1\" data-element_type=\"widget\" data-e-type=\"widget\" data-widget_type=\"heading.default\">\n\t\t\t\t\t<h2 class=\"elementor-heading-title elementor-size-default\">Noticias y pr\u00f3ximos eventos<\/h2>\t\t\t\t<\/div>\n\t\t\t\t\t<\/div>\n\t\t\t\t<\/div>\n\t\t<div class=\"elementor-element elementor-element-fe35d92 e-flex e-con-boxed e-con e-parent\" data-id=\"fe35d92\" data-element_type=\"container\" data-e-type=\"container\" data-settings=\"{&quot;jet_parallax_layout_list&quot;:[]}\">\n\t\t\t\t\t<div class=\"e-con-inner\">\n\t\t\t\t<div class=\"elementor-element elementor-element-2f143f7 elementor-widget elementor-widget-heading\" data-id=\"2f143f7\" data-element_type=\"widget\" data-e-type=\"widget\" data-widget_type=\"heading.default\">\n\t\t\t\t\t<h2 class=\"elementor-heading-title elementor-size-default\">Join our community<\/h2>\t\t\t\t<\/div>\n\t\t\t\t<div class=\"elementor-element elementor-element-592c8a6 elementor-widget elementor-widget-text-editor\" data-id=\"592c8a6\" data-element_type=\"widget\" data-e-type=\"widget\" data-widget_type=\"text-editor.default\">\n\t\t\t\t\t\t\t\t\t<p>To stay up to date with the latest news and updates, we recommend joining our LinkedIn community so you don\u2019t miss anything.<\/p>\t\t\t\t\t\t\t\t<\/div>\n\t\t\t\t<div class=\"elementor-element elementor-element-7e71d96 elementor-align-center elementor-widget elementor-widget-button\" data-id=\"7e71d96\" data-element_type=\"widget\" data-e-type=\"widget\" data-widget_type=\"button.default\">\n\t\t\t\t\t\t\t\t\t\t<a class=\"elementor-button elementor-button-link elementor-size-sm elementor-animation-grow\" href=\"https:\/\/www.linkedin.com\/groups\/17222026\/?highlightedUpdateUrn=urn%3Ali%3AgroupPost%3A17222026-7424846330511929347&#038;q=highlightedFeedForGroups\">\n\t\t\t\t\t\t<span class=\"elementor-button-content-wrapper\">\n\t\t\t\t\t\t\t\t\t<span class=\"elementor-button-text\">Join us<\/span>\n\t\t\t\t\t<\/span>\n\t\t\t\t\t<\/a>\n\t\t\t\t\t\t\t\t<\/div>\n\t\t\t\t\t<\/div>\n\t\t\t\t<\/div>\n\t\t<div class=\"elementor-element elementor-element-a757263 e-flex e-con-boxed e-con e-parent\" data-id=\"a757263\" data-element_type=\"container\" data-e-type=\"container\" data-settings=\"{&quot;background_background&quot;:&quot;classic&quot;,&quot;jet_parallax_layout_list&quot;:[]}\">\n\t\t\t\t\t<div class=\"e-con-inner\">\n\t\t\t\t<div class=\"elementor-element elementor-element-d2b997a elementor-widget elementor-widget-heading\" data-id=\"d2b997a\" data-element_type=\"widget\" data-e-type=\"widget\" data-widget_type=\"heading.default\">\n\t\t\t\t\t<h2 class=\"elementor-heading-title elementor-size-default\">Pr\u00f3ximos eventos<\/h2>\t\t\t\t<\/div>\n\t\t\t\t<div class=\"elementor-element elementor-element-80ba908 elementor-widget__width-initial elementor-widget-mobile__width-inherit elementor-widget elementor-widget-jet-timeline\" data-id=\"80ba908\" data-element_type=\"widget\" data-e-type=\"widget\" data-widget_type=\"jet-timeline.default\">\n\t\t\t\t<div class=\"elementor-widget-container\">\n\t\t\t\t\t<div class=\"elementor-jet-timeline jet-elements\"><div class=\"jet-timeline jet-timeline--align-center jet-timeline--align-middle\">\n\t<div class=\"jet-timeline__line\"><div class=\"jet-timeline__line-progress\"><\/div><\/div>\n\t<div class=\"jet-timeline-list\"><div class=\"jet-timeline-item  elementor-repeater-item-3de7cff jet-timeline-item--image-inside\">\n\t<div class=\"timeline-item__card\">\n\t\t<div class=\"timeline-item__card-inner\">\n\t\t\t\t<div class=\"timeline-item__card-img\"><img fetchpriority=\"high\" decoding=\"async\" width=\"1320\" height=\"768\" src=\"https:\/\/senseableculture.eu\/wp-content\/uploads\/2026\/03\/Image_NEWS_Learning-Teaching-Training.webp\" class=\"attachment-full size-full wp-image-792\" alt=\"A group of people\u2014two brunette women, a short bald man, and a tall redhead\u2014stand in a large, open classroom in Bucharest, Romania. They are gathered in front of a 3D printing machine as a young man explains how it works.\" srcset=\"https:\/\/senseableculture.eu\/wp-content\/uploads\/2026\/03\/Image_NEWS_Learning-Teaching-Training.webp 1320w, https:\/\/senseableculture.eu\/wp-content\/uploads\/2026\/03\/Image_NEWS_Learning-Teaching-Training-300x175.webp 300w, https:\/\/senseableculture.eu\/wp-content\/uploads\/2026\/03\/Image_NEWS_Learning-Teaching-Training-1024x596.webp 1024w, https:\/\/senseableculture.eu\/wp-content\/uploads\/2026\/03\/Image_NEWS_Learning-Teaching-Training-768x447.webp 768w\" sizes=\"(max-width: 1320px) 100vw, 1320px\" \/><\/div>\t\t\t\t<div class=\"timeline-item__card-content\">\n\t\t\t\t\t<div class=\"timeline-item__meta\"><div class=\"timeline-item__meta-content\">Semana del 12 al 16 de octubre de 2026<\/div><\/div><h5 class=\"timeline-item__card-title\">Actividad de aprendizaje, ense\u00f1anza y formaci\u00f3n en Ruman\u00eda<\/h5><div class=\"timeline-item__card-desc\"><p>Una semana de formaci\u00f3n pr\u00e1ctica en Ruman\u00eda para que el personal de instituciones culturales domine herramientas de accesibilidad.<\/p><\/div>\t\t\t\t<\/div>\n\t\t\t\t\t\t<\/div>\n\t\t<div class=\"timeline-item__card-arrow\"><\/div>\n\t<\/div>\n\t<div class=\"timeline-item__point\"><div class=\"timeline-item__point-content timeline-item__point-content--icon\"><span class=\"jet-elements-icon\"><svg aria-hidden=\"true\" class=\"e-font-icon-svg e-fas-calendar-alt\" viewBox=\"0 0 448 512\" xmlns=\"http:\/\/www.w3.org\/2000\/svg\"><path d=\"M0 464c0 26.5 21.5 48 48 48h352c26.5 0 48-21.5 48-48V192H0v272zm320-196c0-6.6 5.4-12 12-12h40c6.6 0 12 5.4 12 12v40c0 6.6-5.4 12-12 12h-40c-6.6 0-12-5.4-12-12v-40zm0 128c0-6.6 5.4-12 12-12h40c6.6 0 12 5.4 12 12v40c0 6.6-5.4 12-12 12h-40c-6.6 0-12-5.4-12-12v-40zM192 268c0-6.6 5.4-12 12-12h40c6.6 0 12 5.4 12 12v40c0 6.6-5.4 12-12 12h-40c-6.6 0-12-5.4-12-12v-40zm0 128c0-6.6 5.4-12 12-12h40c6.6 0 12 5.4 12 12v40c0 6.6-5.4 12-12 12h-40c-6.6 0-12-5.4-12-12v-40zM64 268c0-6.6 5.4-12 12-12h40c6.6 0 12 5.4 12 12v40c0 6.6-5.4 12-12 12H76c-6.6 0-12-5.4-12-12v-40zm0 128c0-6.6 5.4-12 12-12h40c6.6 0 12 5.4 12 12v40c0 6.6-5.4 12-12 12H76c-6.6 0-12-5.4-12-12v-40zM400 64h-48V16c0-8.8-7.2-16-16-16h-32c-8.8 0-16 7.2-16 16v48H160V16c0-8.8-7.2-16-16-16h-32c-8.8 0-16 7.2-16 16v48H48C21.5 64 0 85.5 0 112v48h448v-48c0-26.5-21.5-48-48-48z\"><\/path><\/svg><\/span><\/div><\/div><div class=\"timeline-item__meta\"><div class=\"timeline-item__meta-content\">Semana del 12 al 16 de octubre de 2026<\/div><\/div><\/div><div class=\"jet-timeline-item  elementor-repeater-item-56c83ec jet-timeline-item--image-inside\">\n\t<div class=\"timeline-item__card\">\n\t\t<div class=\"timeline-item__card-inner\">\n\t\t\t\t<div class=\"timeline-item__card-img\"><img decoding=\"async\" width=\"1329\" height=\"768\" src=\"https:\/\/senseableculture.eu\/wp-content\/uploads\/2026\/03\/Image_NEWS_International-Roundtable.webp\" class=\"attachment-full size-full wp-image-793\" alt=\"A group of people sit around a table, leaning in as if deeply engaged in an important discussion. They are participating in an online roundtable meeting.\" srcset=\"https:\/\/senseableculture.eu\/wp-content\/uploads\/2026\/03\/Image_NEWS_International-Roundtable.webp 1329w, https:\/\/senseableculture.eu\/wp-content\/uploads\/2026\/03\/Image_NEWS_International-Roundtable-300x173.webp 300w, https:\/\/senseableculture.eu\/wp-content\/uploads\/2026\/03\/Image_NEWS_International-Roundtable-1024x592.webp 1024w, https:\/\/senseableculture.eu\/wp-content\/uploads\/2026\/03\/Image_NEWS_International-Roundtable-768x444.webp 768w\" sizes=\"(max-width: 1329px) 100vw, 1329px\" \/><\/div>\t\t\t\t<div class=\"timeline-item__card-content\">\n\t\t\t\t\t<div class=\"timeline-item__meta\"><div class=\"timeline-item__meta-content\">Noviembre de 2026 - Mayo de 2027<\/div><\/div><h5 class=\"timeline-item__card-title\">Mesa redonda internacional en l\u00ednea<\/h5><div class=\"timeline-item__card-desc\"><p>Mesa redonda en l\u00ednea entre expertos europeos sobre cultura inclusiva.<\/p><\/div>\t\t\t\t<\/div>\n\t\t\t\t\t\t<\/div>\n\t\t<div class=\"timeline-item__card-arrow\"><\/div>\n\t<\/div>\n\t<div class=\"timeline-item__point\"><div class=\"timeline-item__point-content timeline-item__point-content--icon\"><span class=\"jet-elements-icon\"><svg aria-hidden=\"true\" class=\"e-font-icon-svg e-fas-calendar-alt\" viewBox=\"0 0 448 512\" xmlns=\"http:\/\/www.w3.org\/2000\/svg\"><path d=\"M0 464c0 26.5 21.5 48 48 48h352c26.5 0 48-21.5 48-48V192H0v272zm320-196c0-6.6 5.4-12 12-12h40c6.6 0 12 5.4 12 12v40c0 6.6-5.4 12-12 12h-40c-6.6 0-12-5.4-12-12v-40zm0 128c0-6.6 5.4-12 12-12h40c6.6 0 12 5.4 12 12v40c0 6.6-5.4 12-12 12h-40c-6.6 0-12-5.4-12-12v-40zM192 268c0-6.6 5.4-12 12-12h40c6.6 0 12 5.4 12 12v40c0 6.6-5.4 12-12 12h-40c-6.6 0-12-5.4-12-12v-40zm0 128c0-6.6 5.4-12 12-12h40c6.6 0 12 5.4 12 12v40c0 6.6-5.4 12-12 12h-40c-6.6 0-12-5.4-12-12v-40zM64 268c0-6.6 5.4-12 12-12h40c6.6 0 12 5.4 12 12v40c0 6.6-5.4 12-12 12H76c-6.6 0-12-5.4-12-12v-40zm0 128c0-6.6 5.4-12 12-12h40c6.6 0 12 5.4 12 12v40c0 6.6-5.4 12-12 12H76c-6.6 0-12-5.4-12-12v-40zM400 64h-48V16c0-8.8-7.2-16-16-16h-32c-8.8 0-16 7.2-16 16v48H160V16c0-8.8-7.2-16-16-16h-32c-8.8 0-16 7.2-16 16v48H48C21.5 64 0 85.5 0 112v48h448v-48c0-26.5-21.5-48-48-48z\"><\/path><\/svg><\/span><\/div><\/div><div class=\"timeline-item__meta\"><div class=\"timeline-item__meta-content\">Noviembre de 2026 - Mayo de 2027<\/div><\/div><\/div><div class=\"jet-timeline-item  elementor-repeater-item-96e45cf jet-timeline-item--image-inside\">\n\t<div class=\"timeline-item__card\">\n\t\t<div class=\"timeline-item__card-inner\">\n\t\t\t\t<div class=\"timeline-item__card-img\"><img decoding=\"async\" width=\"1320\" height=\"768\" src=\"https:\/\/senseableculture.eu\/wp-content\/uploads\/2026\/03\/Image_NEWS_Advocacy-Workshops.webp\" class=\"attachment-full size-full wp-image-794\" alt=\"A diverse group of colleagues collaborating in a workshop space, reviewing and adding colorful sticky notes on a glass wall while brainstorming ideas; one woman in a wheelchair points to a note as others write and discuss.\" srcset=\"https:\/\/senseableculture.eu\/wp-content\/uploads\/2026\/03\/Image_NEWS_Advocacy-Workshops.webp 1320w, https:\/\/senseableculture.eu\/wp-content\/uploads\/2026\/03\/Image_NEWS_Advocacy-Workshops-300x175.webp 300w, https:\/\/senseableculture.eu\/wp-content\/uploads\/2026\/03\/Image_NEWS_Advocacy-Workshops-1024x596.webp 1024w, https:\/\/senseableculture.eu\/wp-content\/uploads\/2026\/03\/Image_NEWS_Advocacy-Workshops-768x447.webp 768w\" sizes=\"(max-width: 1320px) 100vw, 1320px\" \/><\/div>\t\t\t\t<div class=\"timeline-item__card-content\">\n\t\t\t\t\t<div class=\"timeline-item__meta\"><div class=\"timeline-item__meta-content\">Mayo - Junio de 2027<\/div><\/div><h5 class=\"timeline-item__card-title\">Talleres nacionales de Advocacy en Ruman\u00eda, Espa\u00f1a, Italia y Letonia<\/h5><div class=\"timeline-item__card-desc\"><p>Talleres a nivel nacional para formar en defensa de derechos humanos y accesibilidad cultural.<\/p><\/div>\t\t\t\t<\/div>\n\t\t\t\t\t\t<\/div>\n\t\t<div class=\"timeline-item__card-arrow\"><\/div>\n\t<\/div>\n\t<div class=\"timeline-item__point\"><div class=\"timeline-item__point-content timeline-item__point-content--icon\"><span class=\"jet-elements-icon\"><svg aria-hidden=\"true\" class=\"e-font-icon-svg e-fas-calendar-alt\" viewBox=\"0 0 448 512\" xmlns=\"http:\/\/www.w3.org\/2000\/svg\"><path d=\"M0 464c0 26.5 21.5 48 48 48h352c26.5 0 48-21.5 48-48V192H0v272zm320-196c0-6.6 5.4-12 12-12h40c6.6 0 12 5.4 12 12v40c0 6.6-5.4 12-12 12h-40c-6.6 0-12-5.4-12-12v-40zm0 128c0-6.6 5.4-12 12-12h40c6.6 0 12 5.4 12 12v40c0 6.6-5.4 12-12 12h-40c-6.6 0-12-5.4-12-12v-40zM192 268c0-6.6 5.4-12 12-12h40c6.6 0 12 5.4 12 12v40c0 6.6-5.4 12-12 12h-40c-6.6 0-12-5.4-12-12v-40zm0 128c0-6.6 5.4-12 12-12h40c6.6 0 12 5.4 12 12v40c0 6.6-5.4 12-12 12h-40c-6.6 0-12-5.4-12-12v-40zM64 268c0-6.6 5.4-12 12-12h40c6.6 0 12 5.4 12 12v40c0 6.6-5.4 12-12 12H76c-6.6 0-12-5.4-12-12v-40zm0 128c0-6.6 5.4-12 12-12h40c6.6 0 12 5.4 12 12v40c0 6.6-5.4 12-12 12H76c-6.6 0-12-5.4-12-12v-40zM400 64h-48V16c0-8.8-7.2-16-16-16h-32c-8.8 0-16 7.2-16 16v48H160V16c0-8.8-7.2-16-16-16h-32c-8.8 0-16 7.2-16 16v48H48C21.5 64 0 85.5 0 112v48h448v-48c0-26.5-21.5-48-48-48z\"><\/path><\/svg><\/span><\/div><\/div><div class=\"timeline-item__meta\"><div class=\"timeline-item__meta-content\">Mayo - Junio de 2027<\/div><\/div><\/div><div class=\"jet-timeline-item  elementor-repeater-item-60f285b jet-timeline-item--image-inside\">\n\t<div class=\"timeline-item__card\">\n\t\t<div class=\"timeline-item__card-inner\">\n\t\t\t\t<div class=\"timeline-item__card-img\"><img loading=\"lazy\" decoding=\"async\" width=\"1320\" height=\"768\" src=\"https:\/\/senseableculture.eu\/wp-content\/uploads\/2026\/03\/Image__NEWS_National-Experiential-Events.webp\" class=\"attachment-full size-full wp-image-896\" alt=\"In a busy convention center, a woman who is blindfolded holds a can of soup. Another woman stands beside her, attentively listening to a man with sunglasses and a white cane, who appears to be blind. All three individuals are of different ethnicities. The photo is taken from a distance, capturing them in conversation.\" srcset=\"https:\/\/senseableculture.eu\/wp-content\/uploads\/2026\/03\/Image__NEWS_National-Experiential-Events.webp 1320w, https:\/\/senseableculture.eu\/wp-content\/uploads\/2026\/03\/Image__NEWS_National-Experiential-Events-300x175.webp 300w, https:\/\/senseableculture.eu\/wp-content\/uploads\/2026\/03\/Image__NEWS_National-Experiential-Events-1024x596.webp 1024w, https:\/\/senseableculture.eu\/wp-content\/uploads\/2026\/03\/Image__NEWS_National-Experiential-Events-768x447.webp 768w\" sizes=\"(max-width: 1320px) 100vw, 1320px\" \/><\/div>\t\t\t\t<div class=\"timeline-item__card-content\">\n\t\t\t\t\t<div class=\"timeline-item__meta\"><div class=\"timeline-item__meta-content\">Septiembre - Octubre de 2027<\/div><\/div><h5 class=\"timeline-item__card-title\">Eventos experienciales nacionales en Ruman\u00eda, Espa\u00f1a, Italia y Letonia<\/h5><div class=\"timeline-item__card-desc\"><p>Eventos sensoriales que muestran la cultura accesible en acci\u00f3n.<\/p><\/div>\t\t\t\t<\/div>\n\t\t\t\t\t\t<\/div>\n\t\t<div class=\"timeline-item__card-arrow\"><\/div>\n\t<\/div>\n\t<div class=\"timeline-item__point\"><div class=\"timeline-item__point-content timeline-item__point-content--icon\"><span class=\"jet-elements-icon\"><svg aria-hidden=\"true\" class=\"e-font-icon-svg e-fas-calendar-alt\" viewBox=\"0 0 448 512\" xmlns=\"http:\/\/www.w3.org\/2000\/svg\"><path d=\"M0 464c0 26.5 21.5 48 48 48h352c26.5 0 48-21.5 48-48V192H0v272zm320-196c0-6.6 5.4-12 12-12h40c6.6 0 12 5.4 12 12v40c0 6.6-5.4 12-12 12h-40c-6.6 0-12-5.4-12-12v-40zm0 128c0-6.6 5.4-12 12-12h40c6.6 0 12 5.4 12 12v40c0 6.6-5.4 12-12 12h-40c-6.6 0-12-5.4-12-12v-40zM192 268c0-6.6 5.4-12 12-12h40c6.6 0 12 5.4 12 12v40c0 6.6-5.4 12-12 12h-40c-6.6 0-12-5.4-12-12v-40zm0 128c0-6.6 5.4-12 12-12h40c6.6 0 12 5.4 12 12v40c0 6.6-5.4 12-12 12h-40c-6.6 0-12-5.4-12-12v-40zM64 268c0-6.6 5.4-12 12-12h40c6.6 0 12 5.4 12 12v40c0 6.6-5.4 12-12 12H76c-6.6 0-12-5.4-12-12v-40zm0 128c0-6.6 5.4-12 12-12h40c6.6 0 12 5.4 12 12v40c0 6.6-5.4 12-12 12H76c-6.6 0-12-5.4-12-12v-40zM400 64h-48V16c0-8.8-7.2-16-16-16h-32c-8.8 0-16 7.2-16 16v48H160V16c0-8.8-7.2-16-16-16h-32c-8.8 0-16 7.2-16 16v48H48C21.5 64 0 85.5 0 112v48h448v-48c0-26.5-21.5-48-48-48z\"><\/path><\/svg><\/span><\/div><\/div><div class=\"timeline-item__meta\"><div class=\"timeline-item__meta-content\">Septiembre - Octubre de 2027<\/div><\/div><\/div><\/div><\/div><\/div>\t\t\t\t<\/div>\n\t\t\t\t<\/div>\n\t\t\t\t\t<\/div>\n\t\t\t\t<\/div>\n\t\t\t\t<\/div>\n\t\t","protected":false},"excerpt":{"rendered":"<p>Join our community To stay up to date with the latest news and updates, we recommend joining our LinkedIn community so you don\u2019t miss anything. Join us Pr\u00f3ximos eventos Semana del 12 al 16 de octubre de 2026 Actividad de aprendizaje, ense\u00f1anza y formaci\u00f3n en Ruman\u00eda Una semana de formaci\u00f3n pr\u00e1ctica en Ruman\u00eda para que [&hellip;]<\/p>\n","protected":false},"author":1,"featured_media":0,"parent":0,"menu_order":0,"comment_status":"closed","ping_status":"closed","template":"","meta":{"footnotes":""},"class_list":["post-471","page","type-page","status-publish","hentry"],"_links":{"self":[{"href":"https:\/\/senseableculture.eu\/es\/wp-json\/wp\/v2\/pages\/471","targetHints":{"allow":["GET"]}}],"collection":[{"href":"https:\/\/senseableculture.eu\/es\/wp-json\/wp\/v2\/pages"}],"about":[{"href":"https:\/\/senseableculture.eu\/es\/wp-json\/wp\/v2\/types\/page"}],"author":[{"embeddable":true,"href":"https:\/\/senseableculture.eu\/es\/wp-json\/wp\/v2\/users\/1"}],"replies":[{"embeddable":true,"href":"https:\/\/senseableculture.eu\/es\/wp-json\/wp\/v2\/comments?post=471"}],"version-history":[{"count":22,"href":"https:\/\/senseableculture.eu\/es\/wp-json\/wp\/v2\/pages\/471\/revisions"}],"predecessor-version":[{"id":1042,"href":"https:\/\/senseableculture.eu\/es\/wp-json\/wp\/v2\/pages\/471\/revisions\/1042"}],"wp:attachment":[{"href":"https:\/\/senseableculture.eu\/es\/wp-json\/wp\/v2\/media?parent=471"}],"curies":[{"name":"wp","href":"https:\/\/api.w.org\/{rel}","templated":true}]}}