{"id":365,"date":"2026-02-09T09:37:46","date_gmt":"2026-02-09T09:37:46","guid":{"rendered":"https:\/\/senseableculture.eu\/objectives\/"},"modified":"2026-03-13T09:36:44","modified_gmt":"2026-03-13T09:36:44","slug":"merki","status":"publish","type":"page","link":"https:\/\/senseableculture.eu\/lv\/merki\/","title":{"rendered":"M\u0113r\u0137i"},"content":{"rendered":"\t\t<div data-elementor-type=\"wp-page\" data-elementor-id=\"365\" class=\"elementor elementor-365 elementor-29\" data-elementor-post-type=\"page\">\n\t\t\t\t<div class=\"elementor-element elementor-element-7fb277b e-flex e-con-boxed e-con e-parent\" data-id=\"7fb277b\" data-element_type=\"container\" data-e-type=\"container\" data-settings=\"{&quot;background_background&quot;:&quot;classic&quot;,&quot;jet_parallax_layout_list&quot;:[]}\">\n\t\t\t\t\t<div class=\"e-con-inner\">\n\t\t\t\t<div class=\"elementor-element elementor-element-8671bd7 elementor-widget elementor-widget-heading\" data-id=\"8671bd7\" data-element_type=\"widget\" data-e-type=\"widget\" data-widget_type=\"heading.default\">\n\t\t\t\t\t<h2 class=\"elementor-heading-title elementor-size-default\">M\u0113r\u0137i<\/h2>\t\t\t\t<\/div>\n\t\t\t\t\t<\/div>\n\t\t\t\t<\/div>\n\t\t<div class=\"elementor-element elementor-element-aabe194 e-flex e-con-boxed e-con e-parent\" data-id=\"aabe194\" data-element_type=\"container\" data-e-type=\"container\" data-settings=\"{&quot;jet_parallax_layout_list&quot;:[]}\">\n\t\t\t\t\t<div class=\"e-con-inner\">\n\t\t\t\t<div class=\"elementor-element elementor-element-e97f02a elementor-widget elementor-widget-heading\" data-id=\"e97f02a\" data-element_type=\"widget\" data-e-type=\"widget\" data-widget_type=\"heading.default\">\n\t\t\t\t\t<h2 class=\"elementor-heading-title elementor-size-default\">M\u016bsu galvenie m\u0113r\u0137i ir<\/h2>\t\t\t\t<\/div>\n\t\t<div class=\"elementor-element elementor-element-a718f16 e-con-full e-flex e-con e-child\" data-id=\"a718f16\" data-element_type=\"container\" data-e-type=\"container\" data-settings=\"{&quot;jet_parallax_layout_list&quot;:[]}\">\n\t\t\t\t<div class=\"elementor-element elementor-element-f142905 elementor-widget__width-initial ekit-equal-height-disable elementor-widget elementor-widget-elementskit-image-box\" data-id=\"f142905\" data-element_type=\"widget\" data-e-type=\"widget\" data-widget_type=\"elementskit-image-box.default\">\n\t\t\t\t\t<div class=\"ekit-wid-con\" >\n            <div class=\"elementskit-info-image-box ekit-image-box text-center style-modern\" >\n\n                \n                <div class=\"elementskit-box-header image-box-img-center\">\n\n                    <img fetchpriority=\"high\" decoding=\"async\" width=\"1301\" height=\"768\" src=\"https:\/\/senseableculture.eu\/wp-content\/uploads\/2026\/03\/Image_Objectives_Enhance-Institutional-Accessibility.webp\" class=\"attachment-full size-full wp-image-669\" alt=\"Four people at a roundtable: a bearded man, two blind individuals (one with glasses, one with a guide dog), and a young blonde woman.\" srcset=\"https:\/\/senseableculture.eu\/wp-content\/uploads\/2026\/03\/Image_Objectives_Enhance-Institutional-Accessibility.webp 1301w, https:\/\/senseableculture.eu\/wp-content\/uploads\/2026\/03\/Image_Objectives_Enhance-Institutional-Accessibility-300x177.webp 300w, https:\/\/senseableculture.eu\/wp-content\/uploads\/2026\/03\/Image_Objectives_Enhance-Institutional-Accessibility-1024x604.webp 1024w, https:\/\/senseableculture.eu\/wp-content\/uploads\/2026\/03\/Image_Objectives_Enhance-Institutional-Accessibility-768x453.webp 768w\" sizes=\"(max-width: 1301px) 100vw, 1301px\" \/>\n                <\/div>\n                \n                <div class=\"elementskit-box-body ekit-image-box-body\">\n                    <div class=\"elementskit-box-content ekit-image-box-body-inner\">\n                                                <h3 class=\"elementskit-info-box-title\">\n\n                        Paaugstin\u0101t institucion\u0101lo pieejam\u012bbu\n                        \n                    <\/h3>\n                                                            <div class=\"elementskit-box-style-content\">\n                        lek\u0101rtot kult\u016bras darbiniekus ar prasm\u0113m univers\u0101l\u0101 dizaina principu lieto\u0161anai sav\u0101 ikdienas praks\u0113                    <\/div>\n                                    <\/div>\n\n                            <\/div>\n            <\/div>\n    <\/div>\t\t\t\t<\/div>\n\t\t\t\t<div class=\"elementor-element elementor-element-edbf833 ekit-equal-height-enable elementor-widget__width-initial elementor-widget elementor-widget-elementskit-image-box\" data-id=\"edbf833\" data-element_type=\"widget\" data-e-type=\"widget\" data-widget_type=\"elementskit-image-box.default\">\n\t\t\t\t\t<div class=\"ekit-wid-con\" >\n            <div class=\"elementskit-info-image-box ekit-image-box text-center style-modern\" >\n\n                \n                <div class=\"elementskit-box-header image-box-img-center\">\n\n                    <img decoding=\"async\" src=\"https:\/\/senseableculture.eu\/wp-content\/uploads\/2026\/03\/Image_Objectives_Autonomous-Participation.webp\" title=\"\" alt=\"A picture of a middle-aged, short brunette woman. She is about to enter the door of an art gallery, walking beside her service dog.\" loading=\"lazy\" \/>\n                <\/div>\n                \n                <div class=\"elementskit-box-body ekit-image-box-body\">\n                    <div class=\"elementskit-box-content ekit-image-box-body-inner\">\n                                                <h3 class=\"elementskit-info-box-title\">\n\n                        Veicin\u0101t autonomu l\u012bdzdal\u012bbu\n                        \n                    <\/h3>\n                                                            <div class=\"elementskit-box-style-content\">\n                        Veidot vide, kur\u0101 cilv\u0113kiem ar sensoraj\u0101m trauc\u0113jumiem ir iesp\u0113ja tie\u0161i iesaist\u012bties l\u0113mumu pie\u0146em\u0161an\u0101 un patst\u0101v\u012bgi baud\u012bt kult\u016bras dz\u012bvi                    <\/div>\n                                    <\/div>\n\n                            <\/div>\n            <\/div>\n    <\/div>\t\t\t\t<\/div>\n\t\t\t\t<div class=\"elementor-element elementor-element-5d51b79 elementor-widget__width-initial ekit-equal-height-disable elementor-widget elementor-widget-elementskit-image-box\" data-id=\"5d51b79\" data-element_type=\"widget\" data-e-type=\"widget\" data-widget_type=\"elementskit-image-box.default\">\n\t\t\t\t\t<div class=\"ekit-wid-con\" >\n            <div class=\"elementskit-info-image-box ekit-image-box text-center style-modern\" >\n\n                \n                <div class=\"elementskit-box-header image-box-img-center\">\n\n                    <img decoding=\"async\" src=\"https:\/\/senseableculture.eu\/wp-content\/uploads\/2026\/03\/Image_Objectives_Policy-Advocacy.webp\" title=\"\" alt=\"A picture of a group of people (a short bald man, a tall redhead, and a young brunette woman) holding papers and speaking to local representatives at the local House of Representatives.\" loading=\"lazy\" \/>\n                <\/div>\n                \n                <div class=\"elementskit-box-body ekit-image-box-body\">\n                    <div class=\"elementskit-box-content ekit-image-box-body-inner\">\n                                                <h3 class=\"elementskit-info-box-title\">\n\n                        Politikas atbalsts\n                        \n                    <\/h3>\n                                                            <div class=\"elementskit-box-style-content\">\n                        Aizst\u0101v\u0113t pieejam\u012bbas iek\u013cau\u0161anu ilgtermi\u0146a Eiropas t\u016brisma un kult\u016bras pl\u0101no\u0161an\u0101                    <\/div>\n                                    <\/div>\n\n                            <\/div>\n            <\/div>\n    <\/div>\t\t\t\t<\/div>\n\t\t\t\t<\/div>\n\t\t\t\t\t<\/div>\n\t\t\t\t<\/div>\n\t\t\t\t<\/div>\n\t\t","protected":false},"excerpt":{"rendered":"<p>M\u016bsu galvenie m\u0113r\u0137i ir Paaugstin\u0101t institucion\u0101lo pieejam\u012bbu lek\u0101rtot kult\u016bras darbiniekus ar prasm\u0113m univers\u0101l\u0101 dizaina principu lieto\u0161anai sav\u0101 ikdienas praks\u0113 Veicin\u0101t autonomu l\u012bdzdal\u012bbu Veidot vide, kur\u0101 cilv\u0113kiem ar sensoraj\u0101m trauc\u0113jumiem ir iesp\u0113ja tie\u0161i iesaist\u012bties l\u0113mumu pie\u0146em\u0161an\u0101 un patst\u0101v\u012bgi baud\u012bt kult\u016bras dz\u012bvi Politikas atbalsts Aizst\u0101v\u0113t pieejam\u012bbas iek\u013cau\u0161anu ilgtermi\u0146a Eiropas t\u016brisma un kult\u016bras pl\u0101no\u0161an\u0101<\/p>\n","protected":false},"author":1,"featured_media":0,"parent":0,"menu_order":0,"comment_status":"closed","ping_status":"closed","template":"","meta":{"footnotes":""},"class_list":["post-365","page","type-page","status-publish","hentry"],"_links":{"self":[{"href":"https:\/\/senseableculture.eu\/lv\/wp-json\/wp\/v2\/pages\/365","targetHints":{"allow":["GET"]}}],"collection":[{"href":"https:\/\/senseableculture.eu\/lv\/wp-json\/wp\/v2\/pages"}],"about":[{"href":"https:\/\/senseableculture.eu\/lv\/wp-json\/wp\/v2\/types\/page"}],"author":[{"embeddable":true,"href":"https:\/\/senseableculture.eu\/lv\/wp-json\/wp\/v2\/users\/1"}],"replies":[{"embeddable":true,"href":"https:\/\/senseableculture.eu\/lv\/wp-json\/wp\/v2\/comments?post=365"}],"version-history":[{"count":10,"href":"https:\/\/senseableculture.eu\/lv\/wp-json\/wp\/v2\/pages\/365\/revisions"}],"predecessor-version":[{"id":980,"href":"https:\/\/senseableculture.eu\/lv\/wp-json\/wp\/v2\/pages\/365\/revisions\/980"}],"wp:attachment":[{"href":"https:\/\/senseableculture.eu\/lv\/wp-json\/wp\/v2\/media?parent=365"}],"curies":[{"name":"wp","href":"https:\/\/api.w.org\/{rel}","templated":true}]}}