{"id":512,"date":"2026-02-09T09:35:00","date_gmt":"2026-02-09T09:35:00","guid":{"rendered":"https:\/\/senseableculture.eu\/contact\/"},"modified":"2026-03-16T08:54:57","modified_gmt":"2026-03-16T08:54:57","slug":"sazinaties","status":"publish","type":"page","link":"https:\/\/senseableculture.eu\/lv\/sazinaties\/","title":{"rendered":"Sazin\u0101ties"},"content":{"rendered":"\t\t<div data-elementor-type=\"wp-page\" data-elementor-id=\"512\" class=\"elementor elementor-512 elementor-26\" data-elementor-post-type=\"page\">\n\t\t\t\t<div class=\"elementor-element elementor-element-9daae93 e-flex e-con-boxed e-con e-parent\" data-id=\"9daae93\" data-element_type=\"container\" data-e-type=\"container\" data-settings=\"{&quot;background_background&quot;:&quot;classic&quot;,&quot;jet_parallax_layout_list&quot;:[]}\">\n\t\t\t\t\t<div class=\"e-con-inner\">\n\t\t\t\t<div class=\"elementor-element elementor-element-4f8af4a elementor-widget elementor-widget-heading\" data-id=\"4f8af4a\" data-element_type=\"widget\" data-e-type=\"widget\" data-widget_type=\"heading.default\">\n\t\t\t\t\t<h2 class=\"elementor-heading-title elementor-size-default\">Sazin\u0101ties<\/h2>\t\t\t\t<\/div>\n\t\t\t\t\t<\/div>\n\t\t\t\t<\/div>\n\t\t<div class=\"elementor-element elementor-element-e756e07 e-flex e-con-boxed e-con e-parent\" data-id=\"e756e07\" data-element_type=\"container\" data-e-type=\"container\" data-settings=\"{&quot;jet_parallax_layout_list&quot;:[]}\">\n\t\t\t\t\t<div class=\"e-con-inner\">\n\t\t<div class=\"elementor-element elementor-element-d9751ac e-con-full e-flex e-con e-child\" data-id=\"d9751ac\" data-element_type=\"container\" data-e-type=\"container\" data-settings=\"{&quot;jet_parallax_layout_list&quot;:[]}\">\n\t\t<div class=\"elementor-element elementor-element-4150ea5 e-con-full e-flex e-con e-child\" data-id=\"4150ea5\" data-element_type=\"container\" data-e-type=\"container\" data-settings=\"{&quot;jet_parallax_layout_list&quot;:[]}\">\n\t\t\t\t<div class=\"elementor-element elementor-element-456d01a elementor-hidden-tablet elementor-hidden-mobile elementor-widget elementor-widget-image\" data-id=\"456d01a\" data-element_type=\"widget\" data-e-type=\"widget\" data-widget_type=\"image.default\">\n\t\t\t\t\t\t\t\t\t\t\t\t\t\t\t<img fetchpriority=\"high\" decoding=\"async\" width=\"800\" height=\"512\" src=\"https:\/\/senseableculture.eu\/wp-content\/uploads\/2026\/03\/Scene-6-1-1024x655.webp\" class=\"attachment-large size-large wp-image-937\" alt=\"\" srcset=\"https:\/\/senseableculture.eu\/wp-content\/uploads\/2026\/03\/Scene-6-1-1024x655.webp 1024w, https:\/\/senseableculture.eu\/wp-content\/uploads\/2026\/03\/Scene-6-1-300x192.webp 300w, https:\/\/senseableculture.eu\/wp-content\/uploads\/2026\/03\/Scene-6-1-768x492.webp 768w, https:\/\/senseableculture.eu\/wp-content\/uploads\/2026\/03\/Scene-6-1.webp 1200w\" sizes=\"(max-width: 800px) 100vw, 800px\" \/>\t\t\t\t\t\t\t\t\t\t\t\t\t\t\t<\/div>\n\t\t\t\t<\/div>\n\t\t<div class=\"elementor-element elementor-element-42cb119 e-con-full e-flex e-con e-child\" data-id=\"42cb119\" data-element_type=\"container\" data-e-type=\"container\" data-settings=\"{&quot;background_background&quot;:&quot;classic&quot;,&quot;jet_parallax_layout_list&quot;:[]}\">\n\t\t\t\t<div class=\"elementor-element elementor-element-ecda53c elementor-button-align-center elementor-widget elementor-widget-form\" data-id=\"ecda53c\" data-element_type=\"widget\" data-e-type=\"widget\" data-settings=\"{&quot;step_next_label&quot;:&quot;Next&quot;,&quot;step_previous_label&quot;:&quot;Previous&quot;,&quot;button_width&quot;:&quot;100&quot;,&quot;step_type&quot;:&quot;number_text&quot;,&quot;step_icon_shape&quot;:&quot;circle&quot;}\" data-widget_type=\"form.default\">\n\t\t\t\t\t\t\t<form class=\"elementor-form\" method=\"post\" name=\"New Form\" aria-label=\"New Form\">\n\t\t\t<input type=\"hidden\" name=\"post_id\" value=\"512\"\/>\n\t\t\t<input type=\"hidden\" name=\"form_id\" value=\"ecda53c\"\/>\n\t\t\t<input type=\"hidden\" name=\"referer_title\" value=\"Sazin\u0101ties\" \/>\n\n\t\t\t\t\t\t\t<input type=\"hidden\" name=\"queried_id\" value=\"512\"\/>\n\t\t\t\n\t\t\t<div class=\"elementor-form-fields-wrapper elementor-labels-above\">\n\t\t\t\t\t\t\t\t<div class=\"elementor-field-type-text elementor-field-group elementor-column elementor-field-group-name elementor-col-50 elementor-field-required elementor-mark-required\">\n\t\t\t\t\t\t\t\t\t\t\t\t<label for=\"form-field-name\" class=\"elementor-field-label\">\n\t\t\t\t\t\t\t\tV\u0101rds\t\t\t\t\t\t\t<\/label>\n\t\t\t\t\t\t\t\t\t\t\t\t\t\t<input size=\"1\" type=\"text\" name=\"form_fields[name]\" id=\"form-field-name\" class=\"elementor-field elementor-size-sm  elementor-field-textual\" required=\"required\">\n\t\t\t\t\t\t\t\t\t\t\t<\/div>\n\t\t\t\t\t\t\t\t<div class=\"elementor-field-type-email elementor-field-group elementor-column elementor-field-group-email elementor-col-50 elementor-field-required elementor-mark-required\">\n\t\t\t\t\t\t\t\t\t\t\t\t<label for=\"form-field-email\" class=\"elementor-field-label\">\n\t\t\t\t\t\t\t\tE-pasts\t\t\t\t\t\t\t<\/label>\n\t\t\t\t\t\t\t\t\t\t\t\t\t\t<input size=\"1\" type=\"email\" name=\"form_fields[email]\" id=\"form-field-email\" class=\"elementor-field elementor-size-sm  elementor-field-textual\" required=\"required\">\n\t\t\t\t\t\t\t\t\t\t\t<\/div>\n\t\t\t\t\t\t\t\t<div class=\"elementor-field-type-text elementor-field-group elementor-column elementor-field-group-field_e4cbf66 elementor-col-100 elementor-field-required elementor-mark-required\">\n\t\t\t\t\t\t\t\t\t\t\t\t<label for=\"form-field-field_e4cbf66\" class=\"elementor-field-label\">\n\t\t\t\t\t\t\t\tTemats\t\t\t\t\t\t\t<\/label>\n\t\t\t\t\t\t\t\t\t\t\t\t\t\t<input size=\"1\" type=\"text\" name=\"form_fields[field_e4cbf66]\" id=\"form-field-field_e4cbf66\" class=\"elementor-field elementor-size-sm  elementor-field-textual\" required=\"required\">\n\t\t\t\t\t\t\t\t\t\t\t<\/div>\n\t\t\t\t\t\t\t\t<div class=\"elementor-field-type-textarea elementor-field-group elementor-column elementor-field-group-message elementor-col-100 elementor-field-required elementor-mark-required\">\n\t\t\t\t\t\t\t\t\t\t\t\t<label for=\"form-field-message\" class=\"elementor-field-label\">\n\t\t\t\t\t\t\t\tZi\u0146ojums\t\t\t\t\t\t\t<\/label>\n\t\t\t\t\t\t<textarea class=\"elementor-field-textual elementor-field  elementor-size-sm\" name=\"form_fields[message]\" id=\"form-field-message\" rows=\"4\" required=\"required\"><\/textarea>\t\t\t\t<\/div>\n\t\t\t\t\t\t\t\t<div class=\"elementor-field-type-recaptcha_v3 elementor-field-group elementor-column elementor-field-group-field_592096e elementor-col-100 recaptcha_v3-bottomright\">\n\t\t\t\t\t<div class=\"elementor-field\" id=\"form-field-field_592096e\"><div class=\"elementor-g-recaptcha\" data-sitekey=\"6Ldp4mYsAAAAANkpLXi1Iq3SCzsQlvsa8CPRW0BY\" data-type=\"v3\" data-action=\"Form\" data-badge=\"bottomright\" data-size=\"invisible\"><\/div><\/div>\t\t\t\t<\/div>\n\t\t\t\t\t\t\t\t<div class=\"elementor-field-type-acceptance elementor-field-group elementor-column elementor-field-group-field_12ad2ce elementor-col-100 elementor-field-required elementor-mark-required\">\n\t\t\t\t\t\t\t<div class=\"elementor-field-subgroup\">\n\t\t\t<span class=\"elementor-field-option\">\n\t\t\t\t<input type=\"checkbox\" name=\"form_fields[field_12ad2ce]\" id=\"form-field-field_12ad2ce\" class=\"elementor-field elementor-size-sm  elementor-acceptance-field\" required=\"required\">\n\t\t\t\t<label for=\"form-field-field_12ad2ce\">Pie\u0161\u0137irju at\u013cauju SenseAble Culture komandai izmantot manu v\u0101rdu un e-pasta adresi, lai atbild\u0113tu uz manu zi\u0146ojumu. Mana inform\u0101cija tiks uzglab\u0101ta priv\u0101ti un netiks nodota tre\u0161aj\u0101m person\u0101m.<\/label>\t\t\t<\/span>\n\t\t<\/div>\n\t\t\t\t\t\t<\/div>\n\t\t\t\t\t\t\t\t<div class=\"elementor-field-type-acceptance elementor-field-group elementor-column elementor-field-group-field_3c74181 elementor-col-100 elementor-field-required elementor-mark-required\">\n\t\t\t\t\t\t\t<div class=\"elementor-field-subgroup\">\n\t\t\t<span class=\"elementor-field-option\">\n\t\t\t\t<input type=\"checkbox\" name=\"form_fields[field_3c74181]\" id=\"form-field-field_3c74181\" class=\"elementor-field elementor-size-sm  elementor-acceptance-field\" required=\"required\">\n\t\t\t\t<label for=\"form-field-field_3c74181\">Es  piekr\u012btu  <a href=\"https:\/\/senseableculture.eu\/lv\/privacy-policy\/\" target=\"_blank\">Priv\u0101tuma politika<\/a> un <a href=\"https:\/\/senseableculture.eu\/lv\/terms-and-conditions\/\" target=\"_blank\">Noteikumi un nosac\u012bjumi<\/a><\/label>\t\t\t<\/span>\n\t\t<\/div>\n\t\t\t\t\t\t<\/div>\n\t\t\t\t\t\t\t\t<div class=\"elementor-field-group elementor-column elementor-field-type-submit elementor-col-100 e-form__buttons\">\n\t\t\t\t\t<button class=\"elementor-button elementor-size-sm elementor-animation-grow\" type=\"submit\">\n\t\t\t\t\t\t<span class=\"elementor-button-content-wrapper\">\n\t\t\t\t\t\t\t\t\t\t\t\t\t\t\t\t\t\t\t\t\t\t<span class=\"elementor-button-text\">Send<\/span>\n\t\t\t\t\t\t\t\t\t\t\t\t\t<\/span>\n\t\t\t\t\t<\/button>\n\t\t\t\t<\/div>\n\t\t\t<\/div>\n\t\t<\/form>\n\t\t\t\t\t\t<\/div>\n\t\t\t\t<\/div>\n\t\t\t\t<\/div>\n\t\t\t\t\t<\/div>\n\t\t\t\t<\/div>\n\t\t<div class=\"elementor-element elementor-element-91cd3f8 e-flex e-con-boxed e-con e-parent\" data-id=\"91cd3f8\" data-element_type=\"container\" data-e-type=\"container\" data-settings=\"{&quot;background_background&quot;:&quot;classic&quot;,&quot;jet_parallax_layout_list&quot;:[]}\">\n\t\t\t\t\t<div class=\"e-con-inner\">\n\t\t\t\t<div class=\"elementor-element elementor-element-a6fb9b9 elementor-widget elementor-widget-heading\" data-id=\"a6fb9b9\" data-element_type=\"widget\" data-e-type=\"widget\" data-widget_type=\"heading.default\">\n\t\t\t\t\t<h2 class=\"elementor-heading-title elementor-size-default\">Pievienojieties m\u016bsu kopienai<\/h2>\t\t\t\t<\/div>\n\t\t\t\t<div class=\"elementor-element elementor-element-859c7d4 elementor-widget elementor-widget-text-editor\" data-id=\"859c7d4\" data-element_type=\"widget\" data-e-type=\"widget\" data-widget_type=\"text-editor.default\">\n\t\t\t\t\t\t\t\t\t<p>M\u016bsu prakses kopiena ir telpa, kas velt\u012bta kult\u016bras darbinieku, cilv\u0113kties\u012bbu un univers\u0101l\u0101s pieejam\u012bbas aizst\u0101vju, inval\u012bdu organiz\u0101ciju un politikas veidot\u0101ju savieno\u0161anai. T\u0101 ir vieta, kur dal\u012bties lab\u0101kaj\u0101 praks\u0113, izaicin\u0101jumiem un inovat\u012bviem risin\u0101jumiem patiesi iek\u013caujo\u0161u kult\u016bras telpu veido\u0161an\u0101.<\/p><p>Neatkar\u012bgi no t\u0101, vai str\u0101d\u0101j\u0101t lauku muzej\u0101, p\u0101rst\u0101vat inval\u012bdu intere\u0161u aizst\u0101v\u012bbas grupu, esat pieejam\u012bbai specializ\u0113ts t\u012bmek\u013ca izstr\u0101d\u0101t\u0101js vai politikas veidot\u0101js, kuru interes\u0113 iek\u013caujo\u0161s t\u016brisms, \u0161\u012b kopiena ir dom\u0101ta jums. T\u0101 ir vieta, kur apg\u016bt SenseAble Culture projekta praktiskos r\u012bkus, piedal\u012bties diskusij\u0101s un sadarboties, lai papla\u0161in\u0101tu m\u016bsu darba ietekmi \u0101rpus konsorcija.<\/p><p>Pievienojieties mums, lai satiktos ar l\u012bdz\u012bgi dom\u0101jo\u0161iem profesion\u0101\u013ciem, apmain\u012btos ar pieredzi un pal\u012bdz\u0113tu veidot pieejam\u0101ku kult\u016bras vidi vis\u0101 Eirop\u0101.<\/p>\t\t\t\t\t\t\t\t<\/div>\n\t\t\t\t<div class=\"elementor-element elementor-element-fa2282c elementor-align-center elementor-widget elementor-widget-button\" data-id=\"fa2282c\" data-element_type=\"widget\" data-e-type=\"widget\" data-widget_type=\"button.default\">\n\t\t\t\t\t\t\t\t\t\t<a class=\"elementor-button elementor-button-link elementor-size-sm elementor-animation-grow\" href=\"https:\/\/www.linkedin.com\/groups\/17222026\/\" target=\"_blank\">\n\t\t\t\t\t\t<span class=\"elementor-button-content-wrapper\">\n\t\t\t\t\t\t\t\t\t<span class=\"elementor-button-text\">Dodieties uz tie\u0161saistes kopienu<\/span>\n\t\t\t\t\t<\/span>\n\t\t\t\t\t<\/a>\n\t\t\t\t\t\t\t\t<\/div>\n\t\t\t\t\t<\/div>\n\t\t\t\t<\/div>\n\t\t\t\t<\/div>\n\t\t","protected":false},"excerpt":{"rendered":"<p>Pievienojieties m\u016bsu kopienai M\u016bsu prakses kopiena ir telpa, kas velt\u012bta kult\u016bras darbinieku, cilv\u0113kties\u012bbu un univers\u0101l\u0101s pieejam\u012bbas aizst\u0101vju, inval\u012bdu organiz\u0101ciju un politikas veidot\u0101ju savieno\u0161anai. T\u0101 ir vieta, kur dal\u012bties lab\u0101kaj\u0101 praks\u0113, izaicin\u0101jumiem un inovat\u012bviem risin\u0101jumiem patiesi iek\u013caujo\u0161u kult\u016bras telpu veido\u0161an\u0101. Neatkar\u012bgi no t\u0101, vai str\u0101d\u0101j\u0101t lauku muzej\u0101, p\u0101rst\u0101vat inval\u012bdu intere\u0161u aizst\u0101v\u012bbas grupu, esat pieejam\u012bbai specializ\u0113ts t\u012bmek\u013ca [&hellip;]<\/p>\n","protected":false},"author":1,"featured_media":0,"parent":0,"menu_order":0,"comment_status":"closed","ping_status":"closed","template":"","meta":{"footnotes":""},"class_list":["post-512","page","type-page","status-publish","hentry"],"_links":{"self":[{"href":"https:\/\/senseableculture.eu\/lv\/wp-json\/wp\/v2\/pages\/512","targetHints":{"allow":["GET"]}}],"collection":[{"href":"https:\/\/senseableculture.eu\/lv\/wp-json\/wp\/v2\/pages"}],"about":[{"href":"https:\/\/senseableculture.eu\/lv\/wp-json\/wp\/v2\/types\/page"}],"author":[{"embeddable":true,"href":"https:\/\/senseableculture.eu\/lv\/wp-json\/wp\/v2\/users\/1"}],"replies":[{"embeddable":true,"href":"https:\/\/senseableculture.eu\/lv\/wp-json\/wp\/v2\/comments?post=512"}],"version-history":[{"count":13,"href":"https:\/\/senseableculture.eu\/lv\/wp-json\/wp\/v2\/pages\/512\/revisions"}],"predecessor-version":[{"id":1139,"href":"https:\/\/senseableculture.eu\/lv\/wp-json\/wp\/v2\/pages\/512\/revisions\/1139"}],"wp:attachment":[{"href":"https:\/\/senseableculture.eu\/lv\/wp-json\/wp\/v2\/media?parent=512"}],"curies":[{"name":"wp","href":"https:\/\/api.w.org\/{rel}","templated":true}]}}