{"id":367,"date":"2026-02-09T09:37:46","date_gmt":"2026-02-09T09:37:46","guid":{"rendered":"https:\/\/senseableculture.eu\/objectives\/"},"modified":"2026-03-13T09:37:48","modified_gmt":"2026-03-13T09:37:48","slug":"obiective","status":"publish","type":"page","link":"https:\/\/senseableculture.eu\/ro\/obiective\/","title":{"rendered":"Obiective"},"content":{"rendered":"\t\t<div data-elementor-type=\"wp-page\" data-elementor-id=\"367\" class=\"elementor elementor-367 elementor-29\" data-elementor-post-type=\"page\">\n\t\t\t\t<div class=\"elementor-element elementor-element-7fb277b e-flex e-con-boxed e-con e-parent\" data-id=\"7fb277b\" data-element_type=\"container\" data-e-type=\"container\" data-settings=\"{&quot;background_background&quot;:&quot;classic&quot;,&quot;jet_parallax_layout_list&quot;:[]}\">\n\t\t\t\t\t<div class=\"e-con-inner\">\n\t\t\t\t<div class=\"elementor-element elementor-element-8671bd7 elementor-widget elementor-widget-heading\" data-id=\"8671bd7\" data-element_type=\"widget\" data-e-type=\"widget\" data-widget_type=\"heading.default\">\n\t\t\t\t\t<h2 class=\"elementor-heading-title elementor-size-default\">Obiective<\/h2>\t\t\t\t<\/div>\n\t\t\t\t\t<\/div>\n\t\t\t\t<\/div>\n\t\t<div class=\"elementor-element elementor-element-aabe194 e-flex e-con-boxed e-con e-parent\" data-id=\"aabe194\" data-element_type=\"container\" data-e-type=\"container\" data-settings=\"{&quot;jet_parallax_layout_list&quot;:[]}\">\n\t\t\t\t\t<div class=\"e-con-inner\">\n\t\t\t\t<div class=\"elementor-element elementor-element-e97f02a elementor-widget elementor-widget-heading\" data-id=\"e97f02a\" data-element_type=\"widget\" data-e-type=\"widget\" data-widget_type=\"heading.default\">\n\t\t\t\t\t<h2 class=\"elementor-heading-title elementor-size-default\">Obiectivele noastre principale sunt<\/h2>\t\t\t\t<\/div>\n\t\t<div class=\"elementor-element elementor-element-a718f16 e-con-full e-flex e-con e-child\" data-id=\"a718f16\" data-element_type=\"container\" data-e-type=\"container\" data-settings=\"{&quot;jet_parallax_layout_list&quot;:[]}\">\n\t\t\t\t<div class=\"elementor-element elementor-element-f142905 elementor-widget__width-initial ekit-equal-height-disable elementor-widget elementor-widget-elementskit-image-box\" data-id=\"f142905\" data-element_type=\"widget\" data-e-type=\"widget\" data-widget_type=\"elementskit-image-box.default\">\n\t\t\t\t\t<div class=\"ekit-wid-con\" >\n            <div class=\"elementskit-info-image-box ekit-image-box text-center style-modern\" >\n\n                \n                <div class=\"elementskit-box-header image-box-img-center\">\n\n                    <img decoding=\"async\" src=\"https:\/\/senseableculture.eu\/wp-content\/uploads\/2026\/03\/Image_Objectives_Enhance-Institutional-Accessibility-1.webp\" title=\"\" alt=\"Four people at a roundtable: a bearded man, two blind individuals (one with glasses, one with a guide dog), and a young blonde woman.\" loading=\"lazy\" \/>\n                <\/div>\n                \n                <div class=\"elementskit-box-body ekit-image-box-body\">\n                    <div class=\"elementskit-box-content ekit-image-box-body-inner\">\n                                                <h3 class=\"elementskit-info-box-title\">\n\n                        \u00cembun\u0103t\u0103\u021birea accesibilit\u0103\u021bii institu\u021bionale\n                        \n                    <\/h3>\n                                                            <div class=\"elementskit-box-style-content\">\n                        Dotarea lucr\u0103torilor din domeniul cultural cu competen\u021bele necesare pentru a aplica principiile designului universal \u00een practicile lor zilnice.                    <\/div>\n                                    <\/div>\n\n                            <\/div>\n            <\/div>\n    <\/div>\t\t\t\t<\/div>\n\t\t\t\t<div class=\"elementor-element elementor-element-edbf833 ekit-equal-height-enable elementor-widget__width-initial elementor-widget elementor-widget-elementskit-image-box\" data-id=\"edbf833\" data-element_type=\"widget\" data-e-type=\"widget\" data-widget_type=\"elementskit-image-box.default\">\n\t\t\t\t\t<div class=\"ekit-wid-con\" >\n            <div class=\"elementskit-info-image-box ekit-image-box text-center style-modern\" >\n\n                \n                <div class=\"elementskit-box-header image-box-img-center\">\n\n                    <img decoding=\"async\" src=\"https:\/\/senseableculture.eu\/wp-content\/uploads\/2026\/03\/Image_Objectives_Autonomous-Participation.webp\" title=\"\" alt=\"A picture of a middle-aged, short brunette woman. She is about to enter the door of an art gallery, walking beside her service dog.\" loading=\"lazy\" \/>\n                <\/div>\n                \n                <div class=\"elementskit-box-body ekit-image-box-body\">\n                    <div class=\"elementskit-box-content ekit-image-box-body-inner\">\n                                                <h3 class=\"elementskit-info-box-title\">\n\n                        \u00cemputernici\u021bi participarea autonom\u0103\n                        \n                    <\/h3>\n                                                            <div class=\"elementskit-box-style-content\">\n                        Crea\u021bi medii \u00een care persoanele cu dizabilit\u0103\u021bi senzoriale pot contribui direct la luarea deciziilor \u0219i se pot bucura de via\u021ba cultural\u0103 \u00een mod independent.                    <\/div>\n                                    <\/div>\n\n                            <\/div>\n            <\/div>\n    <\/div>\t\t\t\t<\/div>\n\t\t\t\t<div class=\"elementor-element elementor-element-5d51b79 elementor-widget__width-initial ekit-equal-height-disable elementor-widget elementor-widget-elementskit-image-box\" data-id=\"5d51b79\" data-element_type=\"widget\" data-e-type=\"widget\" data-widget_type=\"elementskit-image-box.default\">\n\t\t\t\t\t<div class=\"ekit-wid-con\" >\n            <div class=\"elementskit-info-image-box ekit-image-box text-center style-modern\" >\n\n                \n                <div class=\"elementskit-box-header image-box-img-center\">\n\n                    <img decoding=\"async\" src=\"https:\/\/senseableculture.eu\/wp-content\/uploads\/2026\/03\/Image_Objectives_Policy-Advocacy.webp\" title=\"\" alt=\"A picture of a group of people (a short bald man, a tall redhead, and a young brunette woman) holding papers and speaking to local representatives at the local House of Representatives.\" loading=\"lazy\" \/>\n                <\/div>\n                \n                <div class=\"elementskit-box-body ekit-image-box-body\">\n                    <div class=\"elementskit-box-content ekit-image-box-body-inner\">\n                                                <h3 class=\"elementskit-info-box-title\">\n\n                        Promovarea politicilor\n                        \n                    <\/h3>\n                                                            <div class=\"elementskit-box-style-content\">\n                        Promovarea integr\u0103rii accesibilit\u0103\u021bii \u00een planificarea pe termen lung a turismului \u0219i culturii europene.                    <\/div>\n                                    <\/div>\n\n                            <\/div>\n            <\/div>\n    <\/div>\t\t\t\t<\/div>\n\t\t\t\t<\/div>\n\t\t\t\t\t<\/div>\n\t\t\t\t<\/div>\n\t\t\t\t<\/div>\n\t\t","protected":false},"excerpt":{"rendered":"<p>Obiectivele noastre principale sunt \u00cembun\u0103t\u0103\u021birea accesibilit\u0103\u021bii institu\u021bionale Dotarea lucr\u0103torilor din domeniul cultural cu competen\u021bele necesare pentru a aplica principiile designului universal \u00een practicile lor zilnice. \u00cemputernici\u021bi participarea autonom\u0103 Crea\u021bi medii \u00een care persoanele cu dizabilit\u0103\u021bi senzoriale pot contribui direct la luarea deciziilor \u0219i se pot bucura de via\u021ba cultural\u0103 \u00een mod independent. Promovarea politicilor Promovarea [&hellip;]<\/p>\n","protected":false},"author":1,"featured_media":0,"parent":0,"menu_order":0,"comment_status":"closed","ping_status":"closed","template":"","meta":{"footnotes":""},"class_list":["post-367","page","type-page","status-publish","hentry"],"_links":{"self":[{"href":"https:\/\/senseableculture.eu\/ro\/wp-json\/wp\/v2\/pages\/367","targetHints":{"allow":["GET"]}}],"collection":[{"href":"https:\/\/senseableculture.eu\/ro\/wp-json\/wp\/v2\/pages"}],"about":[{"href":"https:\/\/senseableculture.eu\/ro\/wp-json\/wp\/v2\/types\/page"}],"author":[{"embeddable":true,"href":"https:\/\/senseableculture.eu\/ro\/wp-json\/wp\/v2\/users\/1"}],"replies":[{"embeddable":true,"href":"https:\/\/senseableculture.eu\/ro\/wp-json\/wp\/v2\/comments?post=367"}],"version-history":[{"count":13,"href":"https:\/\/senseableculture.eu\/ro\/wp-json\/wp\/v2\/pages\/367\/revisions"}],"predecessor-version":[{"id":983,"href":"https:\/\/senseableculture.eu\/ro\/wp-json\/wp\/v2\/pages\/367\/revisions\/983"}],"wp:attachment":[{"href":"https:\/\/senseableculture.eu\/ro\/wp-json\/wp\/v2\/media?parent=367"}],"curies":[{"name":"wp","href":"https:\/\/api.w.org\/{rel}","templated":true}]}}