{"id":513,"date":"2026-02-09T09:35:00","date_gmt":"2026-02-09T09:35:00","guid":{"rendered":"https:\/\/senseableculture.eu\/contact\/"},"modified":"2026-03-16T09:58:35","modified_gmt":"2026-03-16T09:58:35","slug":"contact","status":"publish","type":"page","link":"https:\/\/senseableculture.eu\/ro\/contact\/","title":{"rendered":"Contact"},"content":{"rendered":"\t\t<div data-elementor-type=\"wp-page\" data-elementor-id=\"513\" class=\"elementor elementor-513 elementor-26\" data-elementor-post-type=\"page\">\n\t\t\t\t<div class=\"elementor-element elementor-element-9daae93 e-flex e-con-boxed e-con e-parent\" data-id=\"9daae93\" data-element_type=\"container\" data-e-type=\"container\" data-settings=\"{&quot;background_background&quot;:&quot;classic&quot;,&quot;jet_parallax_layout_list&quot;:[]}\">\n\t\t\t\t\t<div class=\"e-con-inner\">\n\t\t\t\t<div class=\"elementor-element elementor-element-4f8af4a elementor-widget elementor-widget-heading\" data-id=\"4f8af4a\" data-element_type=\"widget\" data-e-type=\"widget\" data-widget_type=\"heading.default\">\n\t\t\t\t\t<h2 class=\"elementor-heading-title elementor-size-default\">Contact<\/h2>\t\t\t\t<\/div>\n\t\t\t\t\t<\/div>\n\t\t\t\t<\/div>\n\t\t<div class=\"elementor-element elementor-element-e756e07 e-flex e-con-boxed e-con e-parent\" data-id=\"e756e07\" data-element_type=\"container\" data-e-type=\"container\" data-settings=\"{&quot;jet_parallax_layout_list&quot;:[]}\">\n\t\t\t\t\t<div class=\"e-con-inner\">\n\t\t<div class=\"elementor-element elementor-element-d9751ac e-con-full e-flex e-con e-child\" data-id=\"d9751ac\" data-element_type=\"container\" data-e-type=\"container\" data-settings=\"{&quot;jet_parallax_layout_list&quot;:[]}\">\n\t\t<div class=\"elementor-element elementor-element-4150ea5 e-con-full e-flex e-con e-child\" data-id=\"4150ea5\" data-element_type=\"container\" data-e-type=\"container\" data-settings=\"{&quot;jet_parallax_layout_list&quot;:[]}\">\n\t\t\t\t<div class=\"elementor-element elementor-element-e580094 elementor-hidden-tablet elementor-hidden-mobile elementor-widget elementor-widget-image\" data-id=\"e580094\" data-element_type=\"widget\" data-e-type=\"widget\" data-widget_type=\"image.default\">\n\t\t\t\t\t\t\t\t\t\t\t\t\t\t\t<img fetchpriority=\"high\" decoding=\"async\" width=\"800\" height=\"512\" src=\"https:\/\/senseableculture.eu\/wp-content\/uploads\/2026\/03\/Scene-6-1-1024x655.webp\" class=\"attachment-large size-large wp-image-938\" alt=\"\" srcset=\"https:\/\/senseableculture.eu\/wp-content\/uploads\/2026\/03\/Scene-6-1-1024x655.webp 1024w, https:\/\/senseableculture.eu\/wp-content\/uploads\/2026\/03\/Scene-6-1-300x192.webp 300w, https:\/\/senseableculture.eu\/wp-content\/uploads\/2026\/03\/Scene-6-1-768x492.webp 768w, https:\/\/senseableculture.eu\/wp-content\/uploads\/2026\/03\/Scene-6-1.webp 1200w\" sizes=\"(max-width: 800px) 100vw, 800px\" \/>\t\t\t\t\t\t\t\t\t\t\t\t\t\t\t<\/div>\n\t\t\t\t<\/div>\n\t\t<div class=\"elementor-element elementor-element-42cb119 e-con-full e-flex e-con e-child\" data-id=\"42cb119\" data-element_type=\"container\" data-e-type=\"container\" data-settings=\"{&quot;background_background&quot;:&quot;classic&quot;,&quot;jet_parallax_layout_list&quot;:[]}\">\n\t\t\t\t<div class=\"elementor-element elementor-element-ecda53c elementor-button-align-center elementor-widget elementor-widget-form\" data-id=\"ecda53c\" data-element_type=\"widget\" data-e-type=\"widget\" data-settings=\"{&quot;step_next_label&quot;:&quot;Next&quot;,&quot;step_previous_label&quot;:&quot;Previous&quot;,&quot;button_width&quot;:&quot;100&quot;,&quot;step_type&quot;:&quot;number_text&quot;,&quot;step_icon_shape&quot;:&quot;circle&quot;}\" data-widget_type=\"form.default\">\n\t\t\t\t\t\t\t<form class=\"elementor-form\" method=\"post\" name=\"New Form\" aria-label=\"New Form\">\n\t\t\t<input type=\"hidden\" name=\"post_id\" value=\"513\"\/>\n\t\t\t<input type=\"hidden\" name=\"form_id\" value=\"ecda53c\"\/>\n\t\t\t<input type=\"hidden\" name=\"referer_title\" value=\"Contact\" \/>\n\n\t\t\t\t\t\t\t<input type=\"hidden\" name=\"queried_id\" value=\"513\"\/>\n\t\t\t\n\t\t\t<div class=\"elementor-form-fields-wrapper elementor-labels-above\">\n\t\t\t\t\t\t\t\t<div class=\"elementor-field-type-text elementor-field-group elementor-column elementor-field-group-name elementor-col-50 elementor-field-required elementor-mark-required\">\n\t\t\t\t\t\t\t\t\t\t\t\t<label for=\"form-field-name\" class=\"elementor-field-label\">\n\t\t\t\t\t\t\t\tNume \t\t\t\t\t\t\t<\/label>\n\t\t\t\t\t\t\t\t\t\t\t\t\t\t<input size=\"1\" type=\"text\" name=\"form_fields[name]\" id=\"form-field-name\" class=\"elementor-field elementor-size-sm  elementor-field-textual\" required=\"required\">\n\t\t\t\t\t\t\t\t\t\t\t<\/div>\n\t\t\t\t\t\t\t\t<div class=\"elementor-field-type-email elementor-field-group elementor-column elementor-field-group-email elementor-col-50 elementor-field-required elementor-mark-required\">\n\t\t\t\t\t\t\t\t\t\t\t\t<label for=\"form-field-email\" class=\"elementor-field-label\">\n\t\t\t\t\t\t\t\tEmail\t\t\t\t\t\t\t<\/label>\n\t\t\t\t\t\t\t\t\t\t\t\t\t\t<input size=\"1\" type=\"email\" name=\"form_fields[email]\" id=\"form-field-email\" class=\"elementor-field elementor-size-sm  elementor-field-textual\" required=\"required\">\n\t\t\t\t\t\t\t\t\t\t\t<\/div>\n\t\t\t\t\t\t\t\t<div class=\"elementor-field-type-text elementor-field-group elementor-column elementor-field-group-field_e4cbf66 elementor-col-100 elementor-field-required elementor-mark-required\">\n\t\t\t\t\t\t\t\t\t\t\t\t<label for=\"form-field-field_e4cbf66\" class=\"elementor-field-label\">\n\t\t\t\t\t\t\t\tSubiect\t\t\t\t\t\t\t<\/label>\n\t\t\t\t\t\t\t\t\t\t\t\t\t\t<input size=\"1\" type=\"text\" name=\"form_fields[field_e4cbf66]\" id=\"form-field-field_e4cbf66\" class=\"elementor-field elementor-size-sm  elementor-field-textual\" required=\"required\">\n\t\t\t\t\t\t\t\t\t\t\t<\/div>\n\t\t\t\t\t\t\t\t<div class=\"elementor-field-type-textarea elementor-field-group elementor-column elementor-field-group-message elementor-col-100 elementor-field-required elementor-mark-required\">\n\t\t\t\t\t\t\t\t\t\t\t\t<label for=\"form-field-message\" class=\"elementor-field-label\">\n\t\t\t\t\t\t\t\tMesaj\t\t\t\t\t\t\t<\/label>\n\t\t\t\t\t\t<textarea class=\"elementor-field-textual elementor-field  elementor-size-sm\" name=\"form_fields[message]\" id=\"form-field-message\" rows=\"4\" required=\"required\"><\/textarea>\t\t\t\t<\/div>\n\t\t\t\t\t\t\t\t<div class=\"elementor-field-type-recaptcha_v3 elementor-field-group elementor-column elementor-field-group-field_592096e elementor-col-100 recaptcha_v3-bottomright\">\n\t\t\t\t\t<div class=\"elementor-field\" id=\"form-field-field_592096e\"><div class=\"elementor-g-recaptcha\" data-sitekey=\"6Ldp4mYsAAAAANkpLXi1Iq3SCzsQlvsa8CPRW0BY\" data-type=\"v3\" data-action=\"Form\" data-badge=\"bottomright\" data-size=\"invisible\"><\/div><\/div>\t\t\t\t<\/div>\n\t\t\t\t\t\t\t\t<div class=\"elementor-field-type-acceptance elementor-field-group elementor-column elementor-field-group-field_12ad2ce elementor-col-100 elementor-field-required elementor-mark-required\">\n\t\t\t\t\t\t\t<div class=\"elementor-field-subgroup\">\n\t\t\t<span class=\"elementor-field-option\">\n\t\t\t\t<input type=\"checkbox\" name=\"form_fields[field_12ad2ce]\" id=\"form-field-field_12ad2ce\" class=\"elementor-field elementor-size-sm  elementor-acceptance-field\" required=\"required\">\n\t\t\t\t<label for=\"form-field-field_12ad2ce\">\u00cei dau permisiunea echipei SenseAble Culture s\u0103 utilizeze numele \u0219i adresa mea de e-mail pentru a-mi r\u0103spunde la mesaj. Informa\u021biile mele vor r\u0103m\u00e2ne confiden\u021biale \u0219i nu vor fi divulgate nim\u0103nui.<\/label>\t\t\t<\/span>\n\t\t<\/div>\n\t\t\t\t\t\t<\/div>\n\t\t\t\t\t\t\t\t<div class=\"elementor-field-type-acceptance elementor-field-group elementor-column elementor-field-group-field_3c74181 elementor-col-100 elementor-field-required elementor-mark-required\">\n\t\t\t\t\t\t\t<div class=\"elementor-field-subgroup\">\n\t\t\t<span class=\"elementor-field-option\">\n\t\t\t\t<input type=\"checkbox\" name=\"form_fields[field_3c74181]\" id=\"form-field-field_3c74181\" class=\"elementor-field elementor-size-sm  elementor-acceptance-field\" required=\"required\">\n\t\t\t\t<label for=\"form-field-field_3c74181\">Sunt de acord cu <a href=\"https:\/\/senseableculture.eu\/ro\/privacy-policy\/\" target=\"_blank\">Politica de confiden\u021bialitate<\/a> \u0219i <a href=\"https:\/\/senseableculture.eu\/ro\/terms-and-conditions\/\" target=\"_blank\">Termeni \u0219i condi\u021bii<\/a><\/label>\t\t\t<\/span>\n\t\t<\/div>\n\t\t\t\t\t\t<\/div>\n\t\t\t\t\t\t\t\t<div class=\"elementor-field-group elementor-column elementor-field-type-submit elementor-col-100 e-form__buttons\">\n\t\t\t\t\t<button class=\"elementor-button elementor-size-sm elementor-animation-grow\" type=\"submit\">\n\t\t\t\t\t\t<span class=\"elementor-button-content-wrapper\">\n\t\t\t\t\t\t\t\t\t\t\t\t\t\t\t\t\t\t\t\t\t\t<span class=\"elementor-button-text\">Send<\/span>\n\t\t\t\t\t\t\t\t\t\t\t\t\t<\/span>\n\t\t\t\t\t<\/button>\n\t\t\t\t<\/div>\n\t\t\t<\/div>\n\t\t<\/form>\n\t\t\t\t\t\t<\/div>\n\t\t\t\t<\/div>\n\t\t\t\t<\/div>\n\t\t\t\t\t<\/div>\n\t\t\t\t<\/div>\n\t\t<div class=\"elementor-element elementor-element-701e888 e-flex e-con-boxed e-con e-parent\" data-id=\"701e888\" data-element_type=\"container\" data-e-type=\"container\" data-settings=\"{&quot;background_background&quot;:&quot;classic&quot;,&quot;jet_parallax_layout_list&quot;:[]}\">\n\t\t\t\t\t<div class=\"e-con-inner\">\n\t\t\t\t<div class=\"elementor-element elementor-element-796c5d1 elementor-widget elementor-widget-heading\" data-id=\"796c5d1\" data-element_type=\"widget\" data-e-type=\"widget\" data-widget_type=\"heading.default\">\n\t\t\t\t\t<h2 class=\"elementor-heading-title elementor-size-default\">Bine ai venit \u00een comunitate<\/h2>\t\t\t\t<\/div>\n\t\t\t\t<div class=\"elementor-element elementor-element-a9b0ed0 elementor-widget elementor-widget-text-editor\" data-id=\"a9b0ed0\" data-element_type=\"widget\" data-e-type=\"widget\" data-widget_type=\"text-editor.default\">\n\t\t\t\t\t\t\t\t\t<p>Comunitatea noastr\u0103 de practic\u0103 este un spa\u021biu dedicat lucr\u0103torilor din domeniul cultural, sus\u021bin\u0103torilor accesibilit\u0103\u021bii, organiza\u021biilor pentru persoane cu dizabilit\u0103\u021bi \u0219i factorilor de decizie politic\u0103, care le permite s\u0103 interac\u021bioneze. Este un forum pentru schimbul de bune practici, provoc\u0103ri \u0219i solu\u021bii inovatoare pentru crearea unor spa\u021bii culturale cu adev\u0103rat incluzive.<\/p><p>Fie c\u0103 sunte\u021bi curator de muzeu dintr-o zon\u0103 rural\u0103, reprezentant al unui grup de sus\u021binere a persoanelor cu dizabilit\u0103\u021bi, dezvoltator web specializat \u00een accesibilitate sau factor de decizie politic\u0103 interesat de turismul incluziv, aceast\u0103 comunitate este pentru dumneavoastr\u0103. Este un loc \u00een care pute\u021bi \u00eenv\u0103\u021ba din instrumentele practice ale proiectului SenseAble Culture, pute\u021bi participa la discu\u021bii \u0219i pute\u021bi colabora pentru a extinde impactul muncii noastre dincolo de consor\u021biu.<\/p><p>Al\u0103tura\u021bi-v\u0103 nou\u0103 pentru a \u00eent\u00e2lni profesioni\u0219ti cu interese similare, pentru a face schimb de experien\u021be \u0219i pentru a contribui la construirea unui peisaj cultural mai accesibil \u00een \u00eentreaga Europ\u0103.<\/p>\t\t\t\t\t\t\t\t<\/div>\n\t\t\t\t<div class=\"elementor-element elementor-element-c26efa5 elementor-align-center elementor-widget elementor-widget-button\" data-id=\"c26efa5\" data-element_type=\"widget\" data-e-type=\"widget\" data-widget_type=\"button.default\">\n\t\t\t\t\t\t\t\t\t\t<a class=\"elementor-button elementor-button-link elementor-size-sm elementor-animation-grow\" href=\"https:\/\/www.linkedin.com\/groups\/17222026\/\" target=\"_blank\">\n\t\t\t\t\t\t<span class=\"elementor-button-content-wrapper\">\n\t\t\t\t\t\t\t\t\t<span class=\"elementor-button-text\">Spre comunitatea online\t<\/span>\n\t\t\t\t\t<\/span>\n\t\t\t\t\t<\/a>\n\t\t\t\t\t\t\t\t<\/div>\n\t\t\t\t\t<\/div>\n\t\t\t\t<\/div>\n\t\t\t\t<\/div>\n\t\t","protected":false},"excerpt":{"rendered":"<p>Bine ai venit \u00een comunitate Comunitatea noastr\u0103 de practic\u0103 este un spa\u021biu dedicat lucr\u0103torilor din domeniul cultural, sus\u021bin\u0103torilor accesibilit\u0103\u021bii, organiza\u021biilor pentru persoane cu dizabilit\u0103\u021bi \u0219i factorilor de decizie politic\u0103, care le permite s\u0103 interac\u021bioneze. Este un forum pentru schimbul de bune practici, provoc\u0103ri \u0219i solu\u021bii inovatoare pentru crearea unor spa\u021bii culturale cu adev\u0103rat incluzive. Fie [&hellip;]<\/p>\n","protected":false},"author":1,"featured_media":0,"parent":0,"menu_order":0,"comment_status":"closed","ping_status":"closed","template":"","meta":{"footnotes":""},"class_list":["post-513","page","type-page","status-publish","hentry"],"_links":{"self":[{"href":"https:\/\/senseableculture.eu\/ro\/wp-json\/wp\/v2\/pages\/513","targetHints":{"allow":["GET"]}}],"collection":[{"href":"https:\/\/senseableculture.eu\/ro\/wp-json\/wp\/v2\/pages"}],"about":[{"href":"https:\/\/senseableculture.eu\/ro\/wp-json\/wp\/v2\/types\/page"}],"author":[{"embeddable":true,"href":"https:\/\/senseableculture.eu\/ro\/wp-json\/wp\/v2\/users\/1"}],"replies":[{"embeddable":true,"href":"https:\/\/senseableculture.eu\/ro\/wp-json\/wp\/v2\/comments?post=513"}],"version-history":[{"count":12,"href":"https:\/\/senseableculture.eu\/ro\/wp-json\/wp\/v2\/pages\/513\/revisions"}],"predecessor-version":[{"id":1144,"href":"https:\/\/senseableculture.eu\/ro\/wp-json\/wp\/v2\/pages\/513\/revisions\/1144"}],"wp:attachment":[{"href":"https:\/\/senseableculture.eu\/ro\/wp-json\/wp\/v2\/media?parent=513"}],"curies":[{"name":"wp","href":"https:\/\/api.w.org\/{rel}","templated":true}]}}